{"id":2205,"date":"2025-11-17T06:39:00","date_gmt":"2025-11-17T11:39:00","guid":{"rendered":"https:\/\/femp.co\/?page_id=2205"},"modified":"2025-11-17T06:46:36","modified_gmt":"2025-11-17T11:46:36","slug":"opticoom","status":"publish","type":"page","link":"https:\/\/femp.co\/?page_id=2205","title":{"rendered":"OPTICOOM"},"content":{"rendered":"\t\t<div data-elementor-type=\"wp-page\" data-elementor-id=\"2205\" class=\"elementor elementor-2205\" data-elementor-post-type=\"page\">\n\t\t\t\t<div class=\"elementor-element elementor-element-2caa8f7 e-flex e-con-boxed e-con e-parent\" data-id=\"2caa8f7\" data-element_type=\"container\" data-e-type=\"container\" data-settings=\"{&quot;background_background&quot;:&quot;gradient&quot;,&quot;shape_divider_top&quot;:&quot;mountains&quot;}\">\n\t\t\t\t\t<div class=\"e-con-inner\">\n\t\t\t\t<div class=\"elementor-shape elementor-shape-top\" aria-hidden=\"true\" data-negative=\"false\">\n\t\t\t<svg xmlns=\"http:\/\/www.w3.org\/2000\/svg\" viewBox=\"0 0 1000 100\" preserveAspectRatio=\"none\">\n\t<path class=\"elementor-shape-fill\" opacity=\"0.33\" d=\"M473,67.3c-203.9,88.3-263.1-34-320.3,0C66,119.1,0,59.7,0,59.7V0h1000v59.7 c0,0-62.1,26.1-94.9,29.3c-32.8,3.3-62.8-12.3-75.8-22.1C806,49.6,745.3,8.7,694.9,4.7S492.4,59,473,67.3z\"\/>\n\t<path class=\"elementor-shape-fill\" opacity=\"0.66\" d=\"M734,67.3c-45.5,0-77.2-23.2-129.1-39.1c-28.6-8.7-150.3-10.1-254,39.1 s-91.7-34.4-149.2,0C115.7,118.3,0,39.8,0,39.8V0h1000v36.5c0,0-28.2-18.5-92.1-18.5C810.2,18.1,775.7,67.3,734,67.3z\"\/>\n\t<path class=\"elementor-shape-fill\" d=\"M766.1,28.9c-200-57.5-266,65.5-395.1,19.5C242,1.8,242,5.4,184.8,20.6C128,35.8,132.3,44.9,89.9,52.5C28.6,63.7,0,0,0,0 h1000c0,0-9.9,40.9-83.6,48.1S829.6,47,766.1,28.9z\"\/>\n<\/svg>\t\t<\/div>\n\t\t<div class=\"elementor-element elementor-element-bd753aa e-con-full e-flex e-con e-child\" data-id=\"bd753aa\" data-element_type=\"container\" data-e-type=\"container\" data-settings=\"{&quot;background_background&quot;:&quot;classic&quot;}\">\n\t\t\t\t<div class=\"elementor-element elementor-element-2352559 elementor-widget elementor-widget-image\" data-id=\"2352559\" data-element_type=\"widget\" data-e-type=\"widget\" data-widget_type=\"image.default\">\n\t\t\t\t<div class=\"elementor-widget-container\">\n\t\t\t\t\t\t\t\t\t\t\t\t\t\t\t<img decoding=\"async\" width=\"150\" height=\"150\" src=\"https:\/\/femp.co\/wp-content\/uploads\/2025\/10\/images-1-150x150.png\" class=\"attachment-thumbnail size-thumbnail wp-image-1396\" alt=\"\" srcset=\"https:\/\/femp.co\/wp-content\/uploads\/2025\/10\/images-1-150x150.png 150w, https:\/\/femp.co\/wp-content\/uploads\/2025\/10\/images-1.png 225w\" sizes=\"(max-width: 150px) 100vw, 150px\" \/>\t\t\t\t\t\t\t\t\t\t\t\t\t\t\t<\/div>\n\t\t\t\t<\/div>\n\t\t\t\t<\/div>\n\t\t\t\t\t<\/div>\n\t\t\t\t<\/div>\n\t\t<div class=\"elementor-element elementor-element-d1b84f0 e-flex e-con-boxed e-con e-parent\" data-id=\"d1b84f0\" data-element_type=\"container\" data-e-type=\"container\">\n\t\t\t\t\t<div class=\"e-con-inner\">\n\t\t\t\t<div class=\"elementor-element elementor-element-67c3689 elementor-widget elementor-widget-heading\" data-id=\"67c3689\" data-element_type=\"widget\" data-e-type=\"widget\" data-widget_type=\"heading.default\">\n\t\t\t\t<div class=\"elementor-widget-container\">\n\t\t\t\t\t<h2 class=\"elementor-heading-title elementor-size-default\">OPTICOOM<\/h2>\t\t\t\t<\/div>\n\t\t\t\t<\/div>\n\t\t\t\t<div class=\"elementor-element elementor-element-e249f87 elementor-widget__width-initial elementor-widget elementor-widget-text-editor\" data-id=\"e249f87\" data-element_type=\"widget\" data-e-type=\"widget\" data-widget_type=\"text-editor.default\">\n\t\t\t\t<div class=\"elementor-widget-container\">\n\t\t\t\t\t\t\t\t\t<p style=\"text-align: center;\">En\u00a0<strong data-start=\"218\" data-end=\"230\">Opticoom<\/strong>\u00a0creemos que ver bien es vivir plenamente.<br data-start=\"272\" data-end=\"275\" \/>Somos un equipo de profesionales apasionados por la salud visual, comprometidos en ofrecer un servicio integral que combina tecnolog\u00eda de punta, asesor\u00eda personalizada y las \u00faltimas tendencias en moda \u00f3ptica.<\/p>\t\t\t\t\t\t\t\t<\/div>\n\t\t\t\t<\/div>\n\t\t\t\t\t<\/div>\n\t\t\t\t<\/div>\n\t\t<div class=\"elementor-element elementor-element-997f0ee e-flex e-con-boxed e-con e-parent\" data-id=\"997f0ee\" data-element_type=\"container\" data-e-type=\"container\">\n\t\t\t\t\t<div class=\"e-con-inner\">\n\t\t\t\t<div class=\"elementor-element elementor-element-c043d50 elementor-widget elementor-widget-image\" data-id=\"c043d50\" data-element_type=\"widget\" data-e-type=\"widget\" data-widget_type=\"image.default\">\n\t\t\t\t<div class=\"elementor-widget-container\">\n\t\t\t\t\t\t\t\t\t\t\t\t\t\t\t<img fetchpriority=\"high\" decoding=\"async\" width=\"800\" height=\"450\" src=\"https:\/\/femp.co\/wp-content\/uploads\/2025\/11\/UNA-FORMA-CLARA-DE-VER-EL-MUNDO-1024x576.png\" class=\"attachment-large size-large wp-image-2207\" alt=\"\" srcset=\"https:\/\/femp.co\/wp-content\/uploads\/2025\/11\/UNA-FORMA-CLARA-DE-VER-EL-MUNDO-1024x576.png 1024w, https:\/\/femp.co\/wp-content\/uploads\/2025\/11\/UNA-FORMA-CLARA-DE-VER-EL-MUNDO-300x169.png 300w, https:\/\/femp.co\/wp-content\/uploads\/2025\/11\/UNA-FORMA-CLARA-DE-VER-EL-MUNDO-768x432.png 768w, https:\/\/femp.co\/wp-content\/uploads\/2025\/11\/UNA-FORMA-CLARA-DE-VER-EL-MUNDO.png 1366w\" sizes=\"(max-width: 800px) 100vw, 800px\" \/>\t\t\t\t\t\t\t\t\t\t\t\t\t\t\t<\/div>\n\t\t\t\t<\/div>\n\t\t\t\t\t<\/div>\n\t\t\t\t<\/div>\n\t\t<div class=\"elementor-element elementor-element-66589c2 e-flex e-con-boxed e-con e-parent\" data-id=\"66589c2\" data-element_type=\"container\" data-e-type=\"container\">\n\t\t\t\t\t<div class=\"e-con-inner\">\n\t\t<div class=\"elementor-element elementor-element-6504cc3 e-grid e-con-full e-con e-child\" data-id=\"6504cc3\" data-element_type=\"container\" data-e-type=\"container\">\n\t\t\t\t<div class=\"elementor-element elementor-element-af50cfc elementor-button-info elementor-align-center elementor-widget__width-initial elementor-widget elementor-widget-button\" data-id=\"af50cfc\" data-element_type=\"widget\" data-e-type=\"widget\" data-widget_type=\"button.default\">\n\t\t\t\t<div class=\"elementor-widget-container\">\n\t\t\t\t\t\t\t\t\t<div class=\"elementor-button-wrapper\">\n\t\t\t\t\t<a class=\"elementor-button elementor-button-link elementor-size-sm\" href=\"https:\/\/femp.co\/?page_id=2162\">\n\t\t\t\t\t\t<span class=\"elementor-button-content-wrapper\">\n\t\t\t\t\t\t\t\t\t<span class=\"elementor-button-text\"> SOLICITA INFORMACION AQUI<\/span>\n\t\t\t\t\t<\/span>\n\t\t\t\t\t<\/a>\n\t\t\t\t<\/div>\n\t\t\t\t\t\t\t\t<\/div>\n\t\t\t\t<\/div>\n\t\t\t\t<\/div>\n\t\t\t\t\t<\/div>\n\t\t\t\t<\/div>\n\t\t\t\t<\/div>\n\t\t","protected":false},"excerpt":{"rendered":"<p>OPTICOOM En\u00a0Opticoom\u00a0creemos que ver bien es vivir plenamente.Somos un equipo de profesionales apasionados por la salud visual, comprometidos en ofrecer un servicio integral que combina tecnolog\u00eda de punta, asesor\u00eda personalizada y las \u00faltimas tendencias en moda \u00f3ptica. SOLICITA INFORMACION AQUI<\/p>\n","protected":false},"author":3,"featured_media":0,"parent":0,"menu_order":0,"comment_status":"closed","ping_status":"closed","template":"elementor_header_footer","meta":{"_joinchat":[],"footnotes":""},"class_list":["post-2205","page","type-page","status-publish","hentry"],"_links":{"self":[{"href":"https:\/\/femp.co\/index.php?rest_route=\/wp\/v2\/pages\/2205","targetHints":{"allow":["GET"]}}],"collection":[{"href":"https:\/\/femp.co\/index.php?rest_route=\/wp\/v2\/pages"}],"about":[{"href":"https:\/\/femp.co\/index.php?rest_route=\/wp\/v2\/types\/page"}],"author":[{"embeddable":true,"href":"https:\/\/femp.co\/index.php?rest_route=\/wp\/v2\/users\/3"}],"replies":[{"embeddable":true,"href":"https:\/\/femp.co\/index.php?rest_route=%2Fwp%2Fv2%2Fcomments&post=2205"}],"version-history":[{"count":6,"href":"https:\/\/femp.co\/index.php?rest_route=\/wp\/v2\/pages\/2205\/revisions"}],"predecessor-version":[{"id":2217,"href":"https:\/\/femp.co\/index.php?rest_route=\/wp\/v2\/pages\/2205\/revisions\/2217"}],"wp:attachment":[{"href":"https:\/\/femp.co\/index.php?rest_route=%2Fwp%2Fv2%2Fmedia&parent=2205"}],"curies":[{"name":"wp","href":"https:\/\/api.w.org\/{rel}","templated":true}]}}