{"id":2012,"date":"2025-11-11T21:11:27","date_gmt":"2025-11-12T02:11:27","guid":{"rendered":"https:\/\/femp.co\/?page_id=2012"},"modified":"2025-11-16T07:01:54","modified_gmt":"2025-11-16T12:01:54","slug":"wellness-spa-movil","status":"publish","type":"page","link":"https:\/\/femp.co\/?page_id=2012","title":{"rendered":"WELLNESS SPA MOVIL"},"content":{"rendered":"\t\t<div data-elementor-type=\"wp-page\" data-elementor-id=\"2012\" class=\"elementor elementor-2012\" data-elementor-post-type=\"page\">\n\t\t\t\t<div class=\"elementor-element elementor-element-2caa8f7 e-flex e-con-boxed e-con e-parent\" data-id=\"2caa8f7\" data-element_type=\"container\" data-e-type=\"container\" data-settings=\"{&quot;background_background&quot;:&quot;gradient&quot;,&quot;shape_divider_top&quot;:&quot;mountains&quot;}\">\n\t\t\t\t\t<div class=\"e-con-inner\">\n\t\t\t\t<div class=\"elementor-shape elementor-shape-top\" aria-hidden=\"true\" data-negative=\"false\">\n\t\t\t<svg xmlns=\"http:\/\/www.w3.org\/2000\/svg\" viewBox=\"0 0 1000 100\" preserveAspectRatio=\"none\">\n\t<path class=\"elementor-shape-fill\" opacity=\"0.33\" d=\"M473,67.3c-203.9,88.3-263.1-34-320.3,0C66,119.1,0,59.7,0,59.7V0h1000v59.7 c0,0-62.1,26.1-94.9,29.3c-32.8,3.3-62.8-12.3-75.8-22.1C806,49.6,745.3,8.7,694.9,4.7S492.4,59,473,67.3z\"\/>\n\t<path class=\"elementor-shape-fill\" opacity=\"0.66\" d=\"M734,67.3c-45.5,0-77.2-23.2-129.1-39.1c-28.6-8.7-150.3-10.1-254,39.1 s-91.7-34.4-149.2,0C115.7,118.3,0,39.8,0,39.8V0h1000v36.5c0,0-28.2-18.5-92.1-18.5C810.2,18.1,775.7,67.3,734,67.3z\"\/>\n\t<path class=\"elementor-shape-fill\" d=\"M766.1,28.9c-200-57.5-266,65.5-395.1,19.5C242,1.8,242,5.4,184.8,20.6C128,35.8,132.3,44.9,89.9,52.5C28.6,63.7,0,0,0,0 h1000c0,0-9.9,40.9-83.6,48.1S829.6,47,766.1,28.9z\"\/>\n<\/svg>\t\t<\/div>\n\t\t<div class=\"elementor-element elementor-element-bd753aa e-con-full e-flex e-con e-child\" data-id=\"bd753aa\" data-element_type=\"container\" data-e-type=\"container\" data-settings=\"{&quot;background_background&quot;:&quot;classic&quot;}\">\n\t\t\t\t<div class=\"elementor-element elementor-element-2352559 elementor-widget elementor-widget-image\" data-id=\"2352559\" data-element_type=\"widget\" data-e-type=\"widget\" data-widget_type=\"image.default\">\n\t\t\t\t<div class=\"elementor-widget-container\">\n\t\t\t\t\t\t\t\t\t\t\t\t\t\t\t<img decoding=\"async\" width=\"150\" height=\"150\" src=\"https:\/\/femp.co\/wp-content\/uploads\/2025\/11\/images-150x150.jpg\" class=\"attachment-thumbnail size-thumbnail wp-image-2015\" alt=\"\" srcset=\"https:\/\/femp.co\/wp-content\/uploads\/2025\/11\/images-150x150.jpg 150w, https:\/\/femp.co\/wp-content\/uploads\/2025\/11\/images.jpg 224w\" sizes=\"(max-width: 150px) 100vw, 150px\" \/>\t\t\t\t\t\t\t\t\t\t\t\t\t\t\t<\/div>\n\t\t\t\t<\/div>\n\t\t\t\t<\/div>\n\t\t\t\t\t<\/div>\n\t\t\t\t<\/div>\n\t\t<div class=\"elementor-element elementor-element-d1b84f0 e-flex e-con-boxed e-con e-parent\" data-id=\"d1b84f0\" data-element_type=\"container\" data-e-type=\"container\">\n\t\t\t\t\t<div class=\"e-con-inner\">\n\t\t\t\t<div class=\"elementor-element elementor-element-67c3689 elementor-widget elementor-widget-heading\" data-id=\"67c3689\" data-element_type=\"widget\" data-e-type=\"widget\" data-widget_type=\"heading.default\">\n\t\t\t\t<div class=\"elementor-widget-container\">\n\t\t\t\t\t<h2 class=\"elementor-heading-title elementor-size-default\">\nWellness Spa Movil Center\n<\/h2>\t\t\t\t<\/div>\n\t\t\t\t<\/div>\n\t\t\t\t<div class=\"elementor-element elementor-element-e249f87 elementor-widget__width-initial elementor-widget elementor-widget-text-editor\" data-id=\"e249f87\" data-element_type=\"widget\" data-e-type=\"widget\" data-widget_type=\"text-editor.default\">\n\t\t\t\t<div class=\"elementor-widget-container\">\n\t\t\t\t\t\t\t\t\t<p style=\"text-align: center;\">En las sedes de Wellness Spa Movil Center disfruta de una experiencia \u00fanica de relajaci\u00f3n. Deleitese con diferentes masajes de relajaci\u00f3n como el masaje zen o masaje shiatsu, y celebra fechas especiales con nuestros rituales Spa para parejas, planes de Spa para empresas y Spa de amigos. Conoce nuestro Spa en Bogot\u00e1, Cali, Medell\u00edn y Barranquilla.<\/p>\t\t\t\t\t\t\t\t<\/div>\n\t\t\t\t<\/div>\n\t\t\t\t\t<\/div>\n\t\t\t\t<\/div>\n\t\t<div class=\"elementor-element elementor-element-fafe4ed e-flex e-con-boxed e-con e-parent\" data-id=\"fafe4ed\" data-element_type=\"container\" data-e-type=\"container\">\n\t\t\t\t\t<div class=\"e-con-inner\">\n\t\t\t\t<div class=\"elementor-element elementor-element-41d47bd elementor-widget elementor-widget-gallery\" data-id=\"41d47bd\" data-element_type=\"widget\" data-e-type=\"widget\" data-settings=\"{&quot;image_hover_animation&quot;:&quot;move-contained-top&quot;,&quot;lazyload&quot;:&quot;yes&quot;,&quot;gallery_layout&quot;:&quot;grid&quot;,&quot;columns&quot;:4,&quot;columns_tablet&quot;:2,&quot;columns_mobile&quot;:1,&quot;gap&quot;:{&quot;unit&quot;:&quot;px&quot;,&quot;size&quot;:10,&quot;sizes&quot;:[]},&quot;gap_tablet&quot;:{&quot;unit&quot;:&quot;px&quot;,&quot;size&quot;:10,&quot;sizes&quot;:[]},&quot;gap_mobile&quot;:{&quot;unit&quot;:&quot;px&quot;,&quot;size&quot;:10,&quot;sizes&quot;:[]},&quot;link_to&quot;:&quot;file&quot;,&quot;aspect_ratio&quot;:&quot;3:2&quot;,&quot;overlay_background&quot;:&quot;yes&quot;,&quot;content_hover_animation&quot;:&quot;fade-in&quot;}\" data-widget_type=\"gallery.default\">\n\t\t\t\t<div class=\"elementor-widget-container\">\n\t\t\t\t\t\t\t<div class=\"elementor-gallery__container\">\n\t\t\t\t\t\t\t<a class=\"e-gallery-item elementor-gallery-item elementor-animated-content\" href=\"https:\/\/femp.co\/wp-content\/uploads\/2025\/11\/WELLNESS_SPA_BOGOTA_8.png\" data-elementor-open-lightbox=\"yes\" data-elementor-lightbox-slideshow=\"41d47bd\" data-elementor-lightbox-title=\"WELLNESS_SPA_BOGOTA_8\" data-e-action-hash=\"#elementor-action%3Aaction%3Dlightbox%26settings%3DeyJpZCI6MjAzNSwidXJsIjoiaHR0cHM6XC9cL2ZlbXAuY29cL3dwLWNvbnRlbnRcL3VwbG9hZHNcLzIwMjVcLzExXC9XRUxMTkVTU19TUEFfQk9HT1RBXzgucG5nIiwic2xpZGVzaG93IjoiNDFkNDdiZCJ9\">\n\t\t\t\t\t<div class=\"e-gallery-image elementor-gallery-item__image\" data-thumbnail=\"https:\/\/femp.co\/wp-content\/uploads\/2025\/11\/WELLNESS_SPA_BOGOTA_8-300x225.png\" data-width=\"300\" data-height=\"225\" aria-label=\"\" role=\"img\" ><\/div>\n\t\t\t\t\t\t\t\t\t\t\t<div class=\"elementor-gallery-item__overlay\"><\/div>\n\t\t\t\t\t\t\t\t\t\t\t\t\t\t<\/a>\n\t\t\t\t\t\t\t<a class=\"e-gallery-item elementor-gallery-item elementor-animated-content\" href=\"https:\/\/femp.co\/wp-content\/uploads\/2025\/11\/NIKON-CORPORATION_NIKON-D750_115832576-115876249_2418-1024x684-1.png\" data-elementor-open-lightbox=\"yes\" data-elementor-lightbox-slideshow=\"41d47bd\" data-elementor-lightbox-title=\"NIKON-CORPORATION_NIKON-D750_115832576-115876249_2418-1024x684\" data-e-action-hash=\"#elementor-action%3Aaction%3Dlightbox%26settings%3DeyJpZCI6MjAzNCwidXJsIjoiaHR0cHM6XC9cL2ZlbXAuY29cL3dwLWNvbnRlbnRcL3VwbG9hZHNcLzIwMjVcLzExXC9OSUtPTi1DT1JQT1JBVElPTl9OSUtPTi1ENzUwXzExNTgzMjU3Ni0xMTU4NzYyNDlfMjQxOC0xMDI0eDY4NC0xLnBuZyIsInNsaWRlc2hvdyI6IjQxZDQ3YmQifQ%3D%3D\">\n\t\t\t\t\t<div class=\"e-gallery-image elementor-gallery-item__image\" data-thumbnail=\"https:\/\/femp.co\/wp-content\/uploads\/2025\/11\/NIKON-CORPORATION_NIKON-D750_115832576-115876249_2418-1024x684-1-300x200.png\" data-width=\"300\" data-height=\"200\" aria-label=\"\" role=\"img\" ><\/div>\n\t\t\t\t\t\t\t\t\t\t\t<div class=\"elementor-gallery-item__overlay\"><\/div>\n\t\t\t\t\t\t\t\t\t\t\t\t\t\t<\/a>\n\t\t\t\t\t\t\t<a class=\"e-gallery-item elementor-gallery-item elementor-animated-content\" href=\"https:\/\/femp.co\/wp-content\/uploads\/2025\/11\/Imagenes_Web3.webp\" data-elementor-open-lightbox=\"yes\" data-elementor-lightbox-slideshow=\"41d47bd\" data-elementor-lightbox-title=\"Imagenes_Web3\" data-e-action-hash=\"#elementor-action%3Aaction%3Dlightbox%26settings%3DeyJpZCI6MjAzOSwidXJsIjoiaHR0cHM6XC9cL2ZlbXAuY29cL3dwLWNvbnRlbnRcL3VwbG9hZHNcLzIwMjVcLzExXC9JbWFnZW5lc19XZWIzLndlYnAiLCJzbGlkZXNob3ciOiI0MWQ0N2JkIn0%3D\">\n\t\t\t\t\t<div class=\"e-gallery-image elementor-gallery-item__image\" data-thumbnail=\"https:\/\/femp.co\/wp-content\/uploads\/2025\/11\/Imagenes_Web3-300x225.webp\" data-width=\"300\" data-height=\"225\" aria-label=\"\" role=\"img\" ><\/div>\n\t\t\t\t\t\t\t\t\t\t\t<div class=\"elementor-gallery-item__overlay\"><\/div>\n\t\t\t\t\t\t\t\t\t\t\t\t\t\t<\/a>\n\t\t\t\t\t\t\t<a class=\"e-gallery-item elementor-gallery-item elementor-animated-content\" href=\"https:\/\/femp.co\/wp-content\/uploads\/2025\/11\/Imagenes_Web4.webp\" data-elementor-open-lightbox=\"yes\" data-elementor-lightbox-slideshow=\"41d47bd\" data-elementor-lightbox-title=\"Imagenes_Web4\" data-e-action-hash=\"#elementor-action%3Aaction%3Dlightbox%26settings%3DeyJpZCI6MjA0MCwidXJsIjoiaHR0cHM6XC9cL2ZlbXAuY29cL3dwLWNvbnRlbnRcL3VwbG9hZHNcLzIwMjVcLzExXC9JbWFnZW5lc19XZWI0LndlYnAiLCJzbGlkZXNob3ciOiI0MWQ0N2JkIn0%3D\">\n\t\t\t\t\t<div class=\"e-gallery-image elementor-gallery-item__image\" data-thumbnail=\"https:\/\/femp.co\/wp-content\/uploads\/2025\/11\/Imagenes_Web4-300x225.webp\" data-width=\"300\" data-height=\"225\" aria-label=\"\" role=\"img\" ><\/div>\n\t\t\t\t\t\t\t\t\t\t\t<div class=\"elementor-gallery-item__overlay\"><\/div>\n\t\t\t\t\t\t\t\t\t\t\t\t\t\t<\/a>\n\t\t\t\t\t\t\t<a class=\"e-gallery-item elementor-gallery-item elementor-animated-content\" href=\"https:\/\/femp.co\/wp-content\/uploads\/2025\/11\/wellness.webp\" data-elementor-open-lightbox=\"yes\" data-elementor-lightbox-slideshow=\"41d47bd\" data-elementor-lightbox-title=\"wellness\" data-e-action-hash=\"#elementor-action%3Aaction%3Dlightbox%26settings%3DeyJpZCI6MjA0MSwidXJsIjoiaHR0cHM6XC9cL2ZlbXAuY29cL3dwLWNvbnRlbnRcL3VwbG9hZHNcLzIwMjVcLzExXC93ZWxsbmVzcy53ZWJwIiwic2xpZGVzaG93IjoiNDFkNDdiZCJ9\">\n\t\t\t\t\t<div class=\"e-gallery-image elementor-gallery-item__image\" data-thumbnail=\"https:\/\/femp.co\/wp-content\/uploads\/2025\/11\/wellness-300x196.webp\" data-width=\"300\" data-height=\"196\" aria-label=\"\" role=\"img\" ><\/div>\n\t\t\t\t\t\t\t\t\t\t\t<div class=\"elementor-gallery-item__overlay\"><\/div>\n\t\t\t\t\t\t\t\t\t\t\t\t\t\t<\/a>\n\t\t\t\t\t\t\t<a class=\"e-gallery-item elementor-gallery-item elementor-animated-content\" href=\"https:\/\/femp.co\/wp-content\/uploads\/2025\/11\/spawellness.webp\" data-elementor-open-lightbox=\"yes\" data-elementor-lightbox-slideshow=\"41d47bd\" data-elementor-lightbox-title=\"spawellness\" data-e-action-hash=\"#elementor-action%3Aaction%3Dlightbox%26settings%3DeyJpZCI6MjA0MiwidXJsIjoiaHR0cHM6XC9cL2ZlbXAuY29cL3dwLWNvbnRlbnRcL3VwbG9hZHNcLzIwMjVcLzExXC9zcGF3ZWxsbmVzcy53ZWJwIiwic2xpZGVzaG93IjoiNDFkNDdiZCJ9\">\n\t\t\t\t\t<div class=\"e-gallery-image elementor-gallery-item__image\" data-thumbnail=\"https:\/\/femp.co\/wp-content\/uploads\/2025\/11\/spawellness-300x227.webp\" data-width=\"300\" data-height=\"227\" aria-label=\"\" role=\"img\" ><\/div>\n\t\t\t\t\t\t\t\t\t\t\t<div class=\"elementor-gallery-item__overlay\"><\/div>\n\t\t\t\t\t\t\t\t\t\t\t\t\t\t<\/a>\n\t\t\t\t\t\t\t<a class=\"e-gallery-item elementor-gallery-item elementor-animated-content\" href=\"https:\/\/femp.co\/wp-content\/uploads\/2025\/11\/WELLNESS_SPA_BOGOTA_7.webp\" data-elementor-open-lightbox=\"yes\" data-elementor-lightbox-slideshow=\"41d47bd\" data-elementor-lightbox-title=\"WELLNESS_SPA_BOGOTA_7\" data-e-action-hash=\"#elementor-action%3Aaction%3Dlightbox%26settings%3DeyJpZCI6MjA0MywidXJsIjoiaHR0cHM6XC9cL2ZlbXAuY29cL3dwLWNvbnRlbnRcL3VwbG9hZHNcLzIwMjVcLzExXC9XRUxMTkVTU19TUEFfQk9HT1RBXzcud2VicCIsInNsaWRlc2hvdyI6IjQxZDQ3YmQifQ%3D%3D\">\n\t\t\t\t\t<div class=\"e-gallery-image elementor-gallery-item__image\" data-thumbnail=\"https:\/\/femp.co\/wp-content\/uploads\/2025\/11\/WELLNESS_SPA_BOGOTA_7-300x225.webp\" data-width=\"300\" data-height=\"225\" aria-label=\"\" role=\"img\" ><\/div>\n\t\t\t\t\t\t\t\t\t\t\t<div class=\"elementor-gallery-item__overlay\"><\/div>\n\t\t\t\t\t\t\t\t\t\t\t\t\t\t<\/a>\n\t\t\t\t\t\t\t<a class=\"e-gallery-item elementor-gallery-item elementor-animated-content\" href=\"https:\/\/femp.co\/wp-content\/uploads\/2025\/11\/WhatsApp-Image-2024-02-27-at-8.01.14-AM-1024x576-1.webp\" data-elementor-open-lightbox=\"yes\" data-elementor-lightbox-slideshow=\"41d47bd\" data-elementor-lightbox-title=\"WhatsApp-Image-2024-02-27-at-8.01.14-AM-1024x576\" data-e-action-hash=\"#elementor-action%3Aaction%3Dlightbox%26settings%3DeyJpZCI6MjA0NCwidXJsIjoiaHR0cHM6XC9cL2ZlbXAuY29cL3dwLWNvbnRlbnRcL3VwbG9hZHNcLzIwMjVcLzExXC9XaGF0c0FwcC1JbWFnZS0yMDI0LTAyLTI3LWF0LTguMDEuMTQtQU0tMTAyNHg1NzYtMS53ZWJwIiwic2xpZGVzaG93IjoiNDFkNDdiZCJ9\">\n\t\t\t\t\t<div class=\"e-gallery-image elementor-gallery-item__image\" data-thumbnail=\"https:\/\/femp.co\/wp-content\/uploads\/2025\/11\/WhatsApp-Image-2024-02-27-at-8.01.14-AM-1024x576-1-300x169.webp\" data-width=\"300\" data-height=\"169\" aria-label=\"\" role=\"img\" ><\/div>\n\t\t\t\t\t\t\t\t\t\t\t<div class=\"elementor-gallery-item__overlay\"><\/div>\n\t\t\t\t\t\t\t\t\t\t\t\t\t\t<\/a>\n\t\t\t\t\t<\/div>\n\t\t\t\t\t<\/div>\n\t\t\t\t<\/div>\n\t\t\t\t\t<\/div>\n\t\t\t\t<\/div>\n\t\t<div class=\"elementor-element elementor-element-04ad607 e-flex e-con-boxed e-con e-parent\" data-id=\"04ad607\" data-element_type=\"container\" data-e-type=\"container\">\n\t\t\t\t\t<div class=\"e-con-inner\">\n\t\t\t\t<div class=\"elementor-element elementor-element-27dab01 elementor-button-info elementor-align-justify elementor-widget__width-initial elementor-widget elementor-widget-button\" data-id=\"27dab01\" data-element_type=\"widget\" data-e-type=\"widget\" data-widget_type=\"button.default\">\n\t\t\t\t<div class=\"elementor-widget-container\">\n\t\t\t\t\t\t\t\t\t<div class=\"elementor-button-wrapper\">\n\t\t\t\t\t<a class=\"elementor-button elementor-button-link elementor-size-sm\" href=\"#\">\n\t\t\t\t\t\t<span class=\"elementor-button-content-wrapper\">\n\t\t\t\t\t\t\t\t\t<span class=\"elementor-button-text\"> RELAJA TUS SENTIDOS Y VIVE UNA EXPERIENCIA INOLVIDABLE<\/span>\n\t\t\t\t\t<\/span>\n\t\t\t\t\t<\/a>\n\t\t\t\t<\/div>\n\t\t\t\t\t\t\t\t<\/div>\n\t\t\t\t<\/div>\n\t\t\t\t\t<\/div>\n\t\t\t\t<\/div>\n\t\t<div class=\"elementor-element elementor-element-997f0ee e-flex e-con-boxed e-con e-parent\" data-id=\"997f0ee\" data-element_type=\"container\" data-e-type=\"container\">\n\t\t\t\t\t<div class=\"e-con-inner\">\n\t\t<div class=\"elementor-element elementor-element-55aa3c7 e-con-full e-flex elementor-invisible e-con e-child\" data-id=\"55aa3c7\" data-element_type=\"container\" data-e-type=\"container\" data-settings=\"{&quot;animation&quot;:&quot;fadeInLeft&quot;}\">\n\t\t\t\t<div class=\"elementor-element elementor-element-1d7542a elementor-widget elementor-widget-image\" data-id=\"1d7542a\" data-element_type=\"widget\" data-e-type=\"widget\" data-widget_type=\"image.default\">\n\t\t\t\t<div class=\"elementor-widget-container\">\n\t\t\t\t\t\t\t\t\t\t\t\t\t\t\t<img fetchpriority=\"high\" decoding=\"async\" width=\"300\" height=\"188\" src=\"https:\/\/femp.co\/wp-content\/uploads\/2025\/11\/Chocolaterapia-en-pareja-2-300x188.webp\" class=\"attachment-medium size-medium wp-image-2045\" alt=\"\" srcset=\"https:\/\/femp.co\/wp-content\/uploads\/2025\/11\/Chocolaterapia-en-pareja-2-300x188.webp 300w, https:\/\/femp.co\/wp-content\/uploads\/2025\/11\/Chocolaterapia-en-pareja-2-768x481.webp 768w, https:\/\/femp.co\/wp-content\/uploads\/2025\/11\/Chocolaterapia-en-pareja-2.webp 1024w\" sizes=\"(max-width: 300px) 100vw, 300px\" \/>\t\t\t\t\t\t\t\t\t\t\t\t\t\t\t<\/div>\n\t\t\t\t<\/div>\n\t\t<div class=\"elementor-element elementor-element-3408226 e-con-full e-flex e-con e-child\" data-id=\"3408226\" data-element_type=\"container\" data-e-type=\"container\">\n\t\t\t\t<div class=\"elementor-element elementor-element-cfd7943 elementor-widget elementor-widget-heading\" data-id=\"cfd7943\" data-element_type=\"widget\" data-e-type=\"widget\" data-widget_type=\"heading.default\">\n\t\t\t\t<div class=\"elementor-widget-container\">\n\t\t\t\t\t<h4 class=\"elementor-heading-title elementor-size-default\">NUESTRAS TARIFAS <\/h4>\t\t\t\t<\/div>\n\t\t\t\t<\/div>\n\t\t\t\t<div class=\"elementor-element elementor-element-57f6f95 elementor-widget elementor-widget-image\" data-id=\"57f6f95\" data-element_type=\"widget\" data-e-type=\"widget\" data-widget_type=\"image.default\">\n\t\t\t\t<div class=\"elementor-widget-container\">\n\t\t\t\t\t\t\t\t\t\t\t\t\t\t\t<img decoding=\"async\" width=\"573\" height=\"355\" src=\"https:\/\/femp.co\/wp-content\/uploads\/2025\/11\/Captura-de-pantalla-2025-11-16-065953.png\" class=\"attachment-large size-large wp-image-2197\" alt=\"\" srcset=\"https:\/\/femp.co\/wp-content\/uploads\/2025\/11\/Captura-de-pantalla-2025-11-16-065953.png 573w, https:\/\/femp.co\/wp-content\/uploads\/2025\/11\/Captura-de-pantalla-2025-11-16-065953-300x186.png 300w\" sizes=\"(max-width: 573px) 100vw, 573px\" \/>\t\t\t\t\t\t\t\t\t\t\t\t\t\t\t<\/div>\n\t\t\t\t<\/div>\n\t\t\t\t<\/div>\n\t\t\t\t<div class=\"elementor-element elementor-element-1a17c0c elementor-button-info elementor-align-justify elementor-widget__width-initial elementor-widget elementor-widget-button\" data-id=\"1a17c0c\" data-element_type=\"widget\" data-e-type=\"widget\" data-widget_type=\"button.default\">\n\t\t\t\t<div class=\"elementor-widget-container\">\n\t\t\t\t\t\t\t\t\t<div class=\"elementor-button-wrapper\">\n\t\t\t\t\t<a class=\"elementor-button elementor-button-link elementor-size-sm\" href=\"https:\/\/femp.co\/?page_id=2162\">\n\t\t\t\t\t\t<span class=\"elementor-button-content-wrapper\">\n\t\t\t\t\t\t\t\t\t<span class=\"elementor-button-text\"> SOLICITALO AQUI<\/span>\n\t\t\t\t\t<\/span>\n\t\t\t\t\t<\/a>\n\t\t\t\t<\/div>\n\t\t\t\t\t\t\t\t<\/div>\n\t\t\t\t<\/div>\n\t\t\t\t<\/div>\n\t\t\t\t\t<\/div>\n\t\t\t\t<\/div>\n\t\t\t\t<\/div>\n\t\t","protected":false},"excerpt":{"rendered":"<p>Wellness Spa Movil Center En las sedes de Wellness Spa Movil Center disfruta de una experiencia \u00fanica de relajaci\u00f3n. Deleitese con diferentes masajes de relajaci\u00f3n como el masaje zen o masaje shiatsu, y celebra fechas especiales con nuestros rituales Spa para parejas, planes de Spa para empresas y Spa de amigos. Conoce nuestro Spa en [&hellip;]<\/p>\n","protected":false},"author":3,"featured_media":0,"parent":0,"menu_order":0,"comment_status":"closed","ping_status":"closed","template":"elementor_header_footer","meta":{"_joinchat":[],"footnotes":""},"class_list":["post-2012","page","type-page","status-publish","hentry"],"_links":{"self":[{"href":"https:\/\/femp.co\/index.php?rest_route=\/wp\/v2\/pages\/2012","targetHints":{"allow":["GET"]}}],"collection":[{"href":"https:\/\/femp.co\/index.php?rest_route=\/wp\/v2\/pages"}],"about":[{"href":"https:\/\/femp.co\/index.php?rest_route=\/wp\/v2\/types\/page"}],"author":[{"embeddable":true,"href":"https:\/\/femp.co\/index.php?rest_route=\/wp\/v2\/users\/3"}],"replies":[{"embeddable":true,"href":"https:\/\/femp.co\/index.php?rest_route=%2Fwp%2Fv2%2Fcomments&post=2012"}],"version-history":[{"count":40,"href":"https:\/\/femp.co\/index.php?rest_route=\/wp\/v2\/pages\/2012\/revisions"}],"predecessor-version":[{"id":2200,"href":"https:\/\/femp.co\/index.php?rest_route=\/wp\/v2\/pages\/2012\/revisions\/2200"}],"wp:attachment":[{"href":"https:\/\/femp.co\/index.php?rest_route=%2Fwp%2Fv2%2Fmedia&parent=2012"}],"curies":[{"name":"wp","href":"https:\/\/api.w.org\/{rel}","templated":true}]}}